{"id":1030,"date":"2026-02-08T14:05:22","date_gmt":"2026-02-08T13:05:22","guid":{"rendered":"https:\/\/www.averosa.de\/?page_id=1030"},"modified":"2026-02-10T14:07:17","modified_gmt":"2026-02-10T13:07:17","slug":"agil-bewegungsmonitoring-deutschland","status":"publish","type":"page","link":"https:\/\/www.averosa.de\/index.php\/agil-bewegungsmonitoring-deutschland\/","title":{"rendered":"AGIL \u2013 Bewegungsmonitoring Deutschland"},"content":{"rendered":"\t\t<div data-elementor-type=\"wp-page\" data-elementor-id=\"1030\" class=\"elementor elementor-1030\" data-elementor-settings=\"{&quot;ha_cmc_init_switcher&quot;:&quot;no&quot;}\">\n\t\t\t\t\t\t<section class=\"elementor-section elementor-top-section elementor-element elementor-element-8db9220 elementor-section-boxed elementor-section-height-default elementor-section-height-default\" data-id=\"8db9220\" data-element_type=\"section\" data-e-type=\"section\" data-settings=\"{&quot;_ha_eqh_enable&quot;:false}\">\n\t\t\t\t\t\t<div class=\"elementor-container elementor-column-gap-default\">\n\t\t\t\t\t<div class=\"elementor-column elementor-col-100 elementor-top-column elementor-element elementor-element-93fbbf3\" data-id=\"93fbbf3\" data-element_type=\"column\" data-e-type=\"column\">\n\t\t\t<div class=\"elementor-widget-wrap elementor-element-populated\">\n\t\t\t\t\t\t<div class=\"elementor-element elementor-element-f9e3de6 elementor-widget elementor-widget-heading\" data-id=\"f9e3de6\" data-element_type=\"widget\" data-e-type=\"widget\" data-widget_type=\"heading.default\">\n\t\t\t\t<div class=\"elementor-widget-container\">\n\t\t\t\t\t<h1 class=\"elementor-heading-title elementor-size-default\"> AGIL \n<\/h1>\t\t\t\t<\/div>\n\t\t\t\t<\/div>\n\t\t\t\t<div class=\"elementor-element elementor-element-a37fb5c elementor-widget elementor-widget-heading\" data-id=\"a37fb5c\" data-element_type=\"widget\" data-e-type=\"widget\" data-widget_type=\"heading.default\">\n\t\t\t\t<div class=\"elementor-widget-container\">\n\t\t\t\t\t<h2 class=\"elementor-heading-title elementor-size-default\">Bewegungsmonitoring Deutschland<\/h2>\t\t\t\t<\/div>\n\t\t\t\t<\/div>\n\t\t\t\t<div class=\"elementor-element elementor-element-c61532a elementor-widget elementor-widget-image\" data-id=\"c61532a\" data-element_type=\"widget\" data-e-type=\"widget\" data-widget_type=\"image.default\">\n\t\t\t\t<div class=\"elementor-widget-container\">\n\t\t\t\t\t\t\t\t\t\t\t\t\t\t\t<img decoding=\"async\" width=\"266\" height=\"3\" src=\"https:\/\/www.averosa.de\/wp-content\/uploads\/2021\/04\/l2.png\" class=\"attachment-large size-large wp-image-151\" alt=\"\" srcset=\"https:\/\/www.averosa.de\/wp-content\/uploads\/2021\/04\/l2.png 266w, https:\/\/www.averosa.de\/wp-content\/uploads\/2021\/04\/l2-150x3.png 150w\" sizes=\"(max-width: 266px) 100vw, 266px\" \/>\t\t\t\t\t\t\t\t\t\t\t\t\t\t\t<\/div>\n\t\t\t\t<\/div>\n\t\t\t\t<section class=\"elementor-section elementor-inner-section elementor-element elementor-element-7f729d3 elementor-section-boxed elementor-section-height-default elementor-section-height-default\" data-id=\"7f729d3\" data-element_type=\"section\" data-e-type=\"section\" data-settings=\"{&quot;_ha_eqh_enable&quot;:false}\">\n\t\t\t\t\t\t<div class=\"elementor-container elementor-column-gap-default\">\n\t\t\t\t\t<div class=\"elementor-column elementor-col-50 elementor-inner-column elementor-element elementor-element-48dae07\" data-id=\"48dae07\" data-element_type=\"column\" data-e-type=\"column\">\n\t\t\t<div class=\"elementor-widget-wrap elementor-element-populated\">\n\t\t\t\t\t\t<div class=\"elementor-element elementor-element-8e70017 elementor-widget elementor-widget-image\" data-id=\"8e70017\" data-element_type=\"widget\" data-e-type=\"widget\" data-widget_type=\"image.default\">\n\t\t\t\t<div class=\"elementor-widget-container\">\n\t\t\t\t\t\t\t\t\t\t\t\t\t\t\t<img decoding=\"async\" src=\"https:\/\/www.averosa.de\/wp-content\/uploads\/elementor\/thumbs\/logo-agil-1-riy7tqs14t8smz60txqu49wjiiddjhwmt5jmkcstfk.jpg\" title=\"AGIL \u2013 Bewegungsmonitoring Deutschland\" alt=\"AGIL \u2013 Bewegungsmonitoring Deutschland\" loading=\"lazy\" \/>\t\t\t\t\t\t\t\t\t\t\t\t\t\t\t<\/div>\n\t\t\t\t<\/div>\n\t\t\t\t\t<\/div>\n\t\t<\/div>\n\t\t\t\t<div class=\"elementor-column elementor-col-50 elementor-inner-column elementor-element elementor-element-1d97b11\" data-id=\"1d97b11\" data-element_type=\"column\" data-e-type=\"column\">\n\t\t\t<div class=\"elementor-widget-wrap elementor-element-populated\">\n\t\t\t\t\t\t<div class=\"elementor-element elementor-element-05bb99f elementor-widget__width-initial elementor-widget elementor-widget-text-editor\" data-id=\"05bb99f\" data-element_type=\"widget\" data-e-type=\"widget\" data-widget_type=\"text-editor.default\">\n\t\t\t\t<div class=\"elementor-widget-container\">\n\t\t\t\t\t\t\t\t\t<p><span style=\"font-family: Arial, serif;\">Das Projekt \u201eAGIL \u2013 Bewegungsmonitoring Deutschland\u201c verfolgt das Ziel Einrichtungen die sich mit der Reha, Behandlung, Pflege und Betreuung von in der Mobilit\u00e4t eingeschr\u00e4nkten Menschen besch\u00e4ftigen bei einer bewussten Umsetzung des Nationalen Expertenstandards \u201eMobilit\u00e4tsf\u00f6rderung in der Pflege\u201c zu unterst\u00fctzen.<\/span><\/p><p><span style=\"font-family: Arial, serif;\">Jetzt buchen, hier Vereinbarung AGIL herunterladen, an uns schicken und schon sind sie dabei.<\/span><\/p>\t\t\t\t\t\t\t\t<\/div>\n\t\t\t\t<\/div>\n\t\t\t\t\t<\/div>\n\t\t<\/div>\n\t\t\t\t\t<\/div>\n\t\t<\/section>\n\t\t\t\t\t<\/div>\n\t\t<\/div>\n\t\t\t\t\t<\/div>\n\t\t<\/section>\n\t\t\t\t<section class=\"elementor-section elementor-top-section elementor-element elementor-element-5cc2698 elementor-section-stretched elementor-section-boxed elementor-section-height-default elementor-section-height-default\" data-id=\"5cc2698\" data-element_type=\"section\" data-e-type=\"section\" data-settings=\"{&quot;stretch_section&quot;:&quot;section-stretched&quot;,&quot;background_background&quot;:&quot;classic&quot;,&quot;_ha_eqh_enable&quot;:false}\">\n\t\t\t\t\t\t<div class=\"elementor-container elementor-column-gap-default\">\n\t\t\t\t\t<div class=\"elementor-column elementor-col-100 elementor-top-column elementor-element elementor-element-d157461\" data-id=\"d157461\" data-element_type=\"column\" data-e-type=\"column\">\n\t\t\t<div class=\"elementor-widget-wrap elementor-element-populated\">\n\t\t\t\t\t\t<div class=\"elementor-element elementor-element-4aa62cd elementor-widget elementor-widget-heading\" data-id=\"4aa62cd\" data-element_type=\"widget\" data-e-type=\"widget\" data-widget_type=\"heading.default\">\n\t\t\t\t<div class=\"elementor-widget-container\">\n\t\t\t\t\t<h3 class=\"elementor-heading-title elementor-size-default\">Ziele\/Effekte\/Ideen f\u00fcr das Unternehmen<\/h3>\t\t\t\t<\/div>\n\t\t\t\t<\/div>\n\t\t\t\t\t<\/div>\n\t\t<\/div>\n\t\t\t\t\t<\/div>\n\t\t<\/section>\n\t\t\t\t<section class=\"elementor-section elementor-top-section elementor-element elementor-element-f823494 elementor-section-boxed elementor-section-height-default elementor-section-height-default\" data-id=\"f823494\" data-element_type=\"section\" data-e-type=\"section\" data-settings=\"{&quot;background_background&quot;:&quot;classic&quot;,&quot;_ha_eqh_enable&quot;:false}\">\n\t\t\t\t\t\t<div class=\"elementor-container elementor-column-gap-custom\">\n\t\t\t\t\t<div class=\"elementor-column elementor-col-50 elementor-top-column elementor-element elementor-element-3b00ef4\" data-id=\"3b00ef4\" data-element_type=\"column\" data-e-type=\"column\">\n\t\t\t<div class=\"elementor-widget-wrap elementor-element-populated\">\n\t\t\t\t\t\t<div class=\"elementor-element elementor-element-fec4a5a elementor-widget elementor-widget-text-editor\" data-id=\"fec4a5a\" data-element_type=\"widget\" data-e-type=\"widget\" data-widget_type=\"text-editor.default\">\n\t\t\t\t<div class=\"elementor-widget-container\">\n\t\t\t\t\t\t\t\t\t<ul><li>pr\u00fcfsichere Umsetzung des NES \u201eErhaltung und F\u00f6rderung der Mobilit\u00e4t in der Pflege\u201c<\/li><li>QPR zu Fragen der Mobilit\u00e4t<\/li><li>Ganzheitliches Bewegungskonzept der Einrichtung<\/li><li>F\u00fchren geeigneter Nachweise<\/li><li>Umsetzung und Ber\u00fccksichtigen im Begutachtungsmanagement<\/li><li>Umsetzung und Ber\u00fccksichtigen in den Meldungen an die DAS (station\u00e4r)<\/li><\/ul>\t\t\t\t\t\t\t\t<\/div>\n\t\t\t\t<\/div>\n\t\t\t\t\t<\/div>\n\t\t<\/div>\n\t\t\t\t<div class=\"elementor-column elementor-col-50 elementor-top-column elementor-element elementor-element-060efb4\" data-id=\"060efb4\" data-element_type=\"column\" data-e-type=\"column\">\n\t\t\t<div class=\"elementor-widget-wrap elementor-element-populated\">\n\t\t\t\t\t\t<div class=\"elementor-element elementor-element-f8a6820 elementor-widget elementor-widget-text-editor\" data-id=\"f8a6820\" data-element_type=\"widget\" data-e-type=\"widget\" data-widget_type=\"text-editor.default\">\n\t\t\t\t<div class=\"elementor-widget-container\">\n\t\t\t\t\t\t\t\t\t<ul><li>Erf\u00fcllen von Anforderungen aus dem l\u00e4nderbezogenen Heimgesetzen<\/li><li>Betriebswirtschaftlich \u2013 Erhalt hoher Pflegegrad bei gleichzeitiger St\u00e4rkung der Mobilit\u00e4t, geringerer Aufwand f\u00fcr Pflegepersonen<\/li><li>R\u00fcckenschonendes Arbeiten, Gesunderhaltung, geringere Ausf\u00e4lle<\/li><li>Interprofessionell (Averosa, careproof, KK, Physio\/ergo)<\/li><li>sichere Umsetzung des NES \u201eEntlassungsmanagement in der Pflege\u201c<\/li><li>Erh\u00f6hung\/Verl\u00e4ngerung der Betreuungsdauer in der ambulanten, teil- und vollstation\u00e4ren Pflege, durch positive Verl\u00e4ngerung der Lebenserwartung)<\/li><\/ul>\t\t\t\t\t\t\t\t<\/div>\n\t\t\t\t<\/div>\n\t\t\t\t\t<\/div>\n\t\t<\/div>\n\t\t\t\t\t<\/div>\n\t\t<\/section>\n\t\t\t\t<section class=\"elementor-section elementor-top-section elementor-element elementor-element-f0542e4 elementor-section-stretched elementor-section-boxed elementor-section-height-default elementor-section-height-default\" data-id=\"f0542e4\" data-element_type=\"section\" data-e-type=\"section\" data-settings=\"{&quot;stretch_section&quot;:&quot;section-stretched&quot;,&quot;background_background&quot;:&quot;classic&quot;,&quot;_ha_eqh_enable&quot;:false}\">\n\t\t\t\t\t\t<div class=\"elementor-container elementor-column-gap-default\">\n\t\t\t\t\t<div class=\"elementor-column elementor-col-100 elementor-top-column elementor-element elementor-element-a4c7183\" data-id=\"a4c7183\" data-element_type=\"column\" data-e-type=\"column\">\n\t\t\t<div class=\"elementor-widget-wrap elementor-element-populated\">\n\t\t\t\t\t\t<div class=\"elementor-element elementor-element-dcf4efc elementor-widget elementor-widget-heading\" data-id=\"dcf4efc\" data-element_type=\"widget\" data-e-type=\"widget\" data-widget_type=\"heading.default\">\n\t\t\t\t<div class=\"elementor-widget-container\">\n\t\t\t\t\t<h3 class=\"elementor-heading-title elementor-size-default\">Ziele\/Effekte\/Ideen f\u00fcr Patienten\/Bewohner\/Tagespflegeg\u00e4ste<\/h3>\t\t\t\t<\/div>\n\t\t\t\t<\/div>\n\t\t\t\t\t<\/div>\n\t\t<\/div>\n\t\t\t\t\t<\/div>\n\t\t<\/section>\n\t\t\t\t<section class=\"elementor-section elementor-top-section elementor-element elementor-element-dd13da9 elementor-section-boxed elementor-section-height-default elementor-section-height-default\" data-id=\"dd13da9\" data-element_type=\"section\" data-e-type=\"section\" data-settings=\"{&quot;background_background&quot;:&quot;classic&quot;,&quot;_ha_eqh_enable&quot;:false}\">\n\t\t\t\t\t\t<div class=\"elementor-container elementor-column-gap-custom\">\n\t\t\t\t\t<div class=\"elementor-column elementor-col-50 elementor-top-column elementor-element elementor-element-3cd864d\" data-id=\"3cd864d\" data-element_type=\"column\" data-e-type=\"column\">\n\t\t\t<div class=\"elementor-widget-wrap elementor-element-populated\">\n\t\t\t\t\t\t<div class=\"elementor-element elementor-element-8d1f14b elementor-widget elementor-widget-text-editor\" data-id=\"8d1f14b\" data-element_type=\"widget\" data-e-type=\"widget\" data-widget_type=\"text-editor.default\">\n\t\t\t\t<div class=\"elementor-widget-container\">\n\t\t\t\t\t\t\t\t\t<ul><li>pr\u00fcfsichere Umsetzung des NES \u201eErhaltung und F\u00f6rderung der Mobilit\u00e4t in der Pflege\u201c<\/li><li>Erhalt vorhandener Mobilit\u00e4t (Erhaltungsziele),<\/li><li>Verhinderung der Verschlechterung von Mobilit\u00e4t<\/li><li>Verbesserung vorhandener Mobilit\u00e4t<\/li><li>Wiederherstellung von Mobilit\u00e4t (psycho-somatisch)<\/li><li>Erkennen und Annehmen von Grenzen<\/li><li>Verbesserung von Selbstbestimmung, Selbstsicherheit und Lebensqualit\u00e4t, individuelle Bewegungsziele definieren\u00a0<\/li><\/ul>\t\t\t\t\t\t\t\t<\/div>\n\t\t\t\t<\/div>\n\t\t\t\t\t<\/div>\n\t\t<\/div>\n\t\t\t\t<div class=\"elementor-column elementor-col-50 elementor-top-column elementor-element elementor-element-bd6118b\" data-id=\"bd6118b\" data-element_type=\"column\" data-e-type=\"column\">\n\t\t\t<div class=\"elementor-widget-wrap elementor-element-populated\">\n\t\t\t\t\t\t<div class=\"elementor-element elementor-element-cdf2bf6 elementor-widget elementor-widget-text-editor\" data-id=\"cdf2bf6\" data-element_type=\"widget\" data-e-type=\"widget\" data-widget_type=\"text-editor.default\">\n\t\t\t\t<div class=\"elementor-widget-container\">\n\t\t\t\t\t\t\t\t\t<ul><li>Minimierung von Einschr\u00e4nkungen<\/li><li>Verbesserung von Durchblutung, Verhinderung von Dekubitus, Obstipation, Thrombose, Kontrakturen etc.<\/li><li>St\u00e4rkung der Orientierung<\/li><li>Einbindung Dritter (Ergo\/Physio, MA, Arzt)<\/li><li>Einbindung von An- und Zugeh\u00f6rigen<\/li><li>Minimierung der Auswirkungen von Krankheiten auf Mobilit\u00e4t<\/li><li>soweit m\u00f6glich Minimierung von Medikamenten mit Auswirkungen auf die Mobilit\u00e4t<\/li><li>sichere Umsetzung des NES \u201eEntlassungsmanagement in der Pflege\u201c<\/li><\/ul>\t\t\t\t\t\t\t\t<\/div>\n\t\t\t\t<\/div>\n\t\t\t\t\t<\/div>\n\t\t<\/div>\n\t\t\t\t\t<\/div>\n\t\t<\/section>\n\t\t\t\t<section class=\"elementor-section elementor-top-section elementor-element elementor-element-d3fb2c0 elementor-section-boxed elementor-section-height-default elementor-section-height-default\" data-id=\"d3fb2c0\" data-element_type=\"section\" data-e-type=\"section\" data-settings=\"{&quot;_ha_eqh_enable&quot;:false}\">\n\t\t\t\t\t\t<div class=\"elementor-container elementor-column-gap-default\">\n\t\t\t\t\t<div class=\"elementor-column elementor-col-100 elementor-top-column elementor-element elementor-element-50ca806\" data-id=\"50ca806\" data-element_type=\"column\" data-e-type=\"column\">\n\t\t\t<div class=\"elementor-widget-wrap elementor-element-populated\">\n\t\t\t\t\t\t<div class=\"elementor-element elementor-element-0042e2f elementor-align-center elementor-widget elementor-widget-button\" data-id=\"0042e2f\" data-element_type=\"widget\" data-e-type=\"widget\" data-widget_type=\"button.default\">\n\t\t\t\t<div class=\"elementor-widget-container\">\n\t\t\t\t\t\t\t\t\t<div class=\"elementor-button-wrapper\">\n\t\t\t\t\t<a class=\"elementor-button elementor-button-link elementor-size-sm\" href=\"https:\/\/www.averosa.de\/wp-content\/uploads\/2026\/02\/Bewegungsmonitoring-AGIL-Vertrag-V-002.pdf\" target=\"_blank\" rel=\"nofollow\">\n\t\t\t\t\t\t<span class=\"elementor-button-content-wrapper\">\n\t\t\t\t\t\t\t\t\t<span class=\"elementor-button-text\">Download Vertrag - AGIL (PDF) <\/span>\n\t\t\t\t\t<\/span>\n\t\t\t\t\t<\/a>\n\t\t\t\t<\/div>\n\t\t\t\t\t\t\t\t<\/div>\n\t\t\t\t<\/div>\n\t\t\t\t\t<\/div>\n\t\t<\/div>\n\t\t\t\t\t<\/div>\n\t\t<\/section>\n\t\t\t\t<\/div>\n\t\t","protected":false},"excerpt":{"rendered":"<p>AGIL Bewegungsmonitoring Deutschland Das Projekt \u201eAGIL \u2013 Bewegungsmonitoring Deutschland\u201c verfolgt das Ziel Einrichtungen die sich mit der Reha, Behandlung, Pflege und Betreuung von in der Mobilit\u00e4t eingeschr\u00e4nkten Menschen besch\u00e4ftigen bei einer bewussten Umsetzung des Nationalen Expertenstandards \u201eMobilit\u00e4tsf\u00f6rderung in der Pflege\u201c zu unterst\u00fctzen. Jetzt buchen, hier Vereinbarung AGIL herunterladen, an uns schicken und schon sind sie dabei. Ziele\/Effekte\/Ideen f\u00fcr das Unternehmen pr\u00fcfsichere Umsetzung des NES \u201eErhaltung und F\u00f6rderung der Mobilit\u00e4t in der Pflege\u201c QPR zu Fragen der Mobilit\u00e4t Ganzheitliches Bewegungskonzept der Einrichtung F\u00fchren geeigneter Nachweise Umsetzung und Ber\u00fccksichtigen im Begutachtungsmanagement Umsetzung und Ber\u00fccksichtigen in den Meldungen an die DAS (station\u00e4r) Erf\u00fcllen von Anforderungen aus dem l\u00e4nderbezogenen Heimgesetzen Betriebswirtschaftlich \u2013 Erhalt hoher Pflegegrad bei gleichzeitiger St\u00e4rkung der Mobilit\u00e4t, geringerer Aufwand f\u00fcr Pflegepersonen R\u00fcckenschonendes Arbeiten, Gesunderhaltung, geringere Ausf\u00e4lle Interprofessionell (Averosa, careproof, KK, Physio\/ergo) sichere Umsetzung des NES \u201eEntlassungsmanagement in der Pflege\u201c Erh\u00f6hung\/Verl\u00e4ngerung der Betreuungsdauer in der ambulanten, teil- und vollstation\u00e4ren Pflege, durch positive Verl\u00e4ngerung der Lebenserwartung) Ziele\/Effekte\/Ideen f\u00fcr Patienten\/Bewohner\/Tagespflegeg\u00e4ste pr\u00fcfsichere Umsetzung des NES \u201eErhaltung und F\u00f6rderung der Mobilit\u00e4t in der Pflege\u201c Erhalt vorhandener Mobilit\u00e4t (Erhaltungsziele), Verhinderung der Verschlechterung von Mobilit\u00e4t Verbesserung vorhandener Mobilit\u00e4t Wiederherstellung von Mobilit\u00e4t (psycho-somatisch) Erkennen und Annehmen von Grenzen Verbesserung von Selbstbestimmung, Selbstsicherheit und Lebensqualit\u00e4t, individuelle Bewegungsziele definieren\u00a0 Minimierung von Einschr\u00e4nkungen Verbesserung von Durchblutung, Verhinderung von Dekubitus, Obstipation, Thrombose, Kontrakturen etc. St\u00e4rkung der Orientierung Einbindung Dritter (Ergo\/Physio, MA, Arzt) Einbindung von An- und Zugeh\u00f6rigen Minimierung der Auswirkungen von Krankheiten auf Mobilit\u00e4t soweit m\u00f6glich Minimierung von Medikamenten mit Auswirkungen auf die Mobilit\u00e4t sichere Umsetzung des NES \u201eEntlassungsmanagement in der Pflege\u201c Download Vertrag &#8211; AGIL (PDF)<\/p>\n","protected":false},"author":1,"featured_media":0,"parent":0,"menu_order":0,"comment_status":"closed","ping_status":"closed","template":"elementor_header_footer","meta":{"footnotes":"","_links_to":"","_links_to_target":""},"class_list":["post-1030","page","type-page","status-publish","hentry"],"_links":{"self":[{"href":"https:\/\/www.averosa.de\/index.php\/wp-json\/wp\/v2\/pages\/1030","targetHints":{"allow":["GET"]}}],"collection":[{"href":"https:\/\/www.averosa.de\/index.php\/wp-json\/wp\/v2\/pages"}],"about":[{"href":"https:\/\/www.averosa.de\/index.php\/wp-json\/wp\/v2\/types\/page"}],"author":[{"embeddable":true,"href":"https:\/\/www.averosa.de\/index.php\/wp-json\/wp\/v2\/users\/1"}],"replies":[{"embeddable":true,"href":"https:\/\/www.averosa.de\/index.php\/wp-json\/wp\/v2\/comments?post=1030"}],"version-history":[{"count":41,"href":"https:\/\/www.averosa.de\/index.php\/wp-json\/wp\/v2\/pages\/1030\/revisions"}],"predecessor-version":[{"id":1089,"href":"https:\/\/www.averosa.de\/index.php\/wp-json\/wp\/v2\/pages\/1030\/revisions\/1089"}],"wp:attachment":[{"href":"https:\/\/www.averosa.de\/index.php\/wp-json\/wp\/v2\/media?parent=1030"}],"curies":[{"name":"wp","href":"https:\/\/api.w.org\/{rel}","templated":true}]}}