{"id":20,"date":"2021-03-03T15:23:57","date_gmt":"2021-03-03T14:23:57","guid":{"rendered":"https:\/\/www.averosa.de\/?page_id=20"},"modified":"2024-07-23T09:27:41","modified_gmt":"2024-07-23T07:27:41","slug":"unser-leitbild","status":"publish","type":"page","link":"https:\/\/www.averosa.de\/index.php\/unser-leitbild\/","title":{"rendered":"Unser Leitbild"},"content":{"rendered":"\t\t<div data-elementor-type=\"wp-page\" data-elementor-id=\"20\" class=\"elementor elementor-20\" data-elementor-settings=\"{&quot;ha_cmc_init_switcher&quot;:&quot;no&quot;}\">\n\t\t\t\t\t\t<section class=\"elementor-section elementor-top-section elementor-element elementor-element-a0d7e4b elementor-section-boxed elementor-section-height-default elementor-section-height-default\" data-id=\"a0d7e4b\" data-element_type=\"section\" data-e-type=\"section\" data-settings=\"{&quot;_ha_eqh_enable&quot;:false}\">\n\t\t\t\t\t\t<div class=\"elementor-container elementor-column-gap-default\">\n\t\t\t\t\t<div class=\"elementor-column elementor-col-100 elementor-top-column elementor-element elementor-element-2a8ff43\" data-id=\"2a8ff43\" data-element_type=\"column\" data-e-type=\"column\">\n\t\t\t<div class=\"elementor-widget-wrap elementor-element-populated\">\n\t\t\t\t\t\t<div class=\"elementor-element elementor-element-dfa0aaa elementor-widget elementor-widget-heading\" data-id=\"dfa0aaa\" data-element_type=\"widget\" data-e-type=\"widget\" data-widget_type=\"heading.default\">\n\t\t\t\t<div class=\"elementor-widget-container\">\n\t\t\t\t\t<h2 class=\"elementor-heading-title elementor-size-default\">Averosa \u2013 Unser Leitbild<\/h2>\t\t\t\t<\/div>\n\t\t\t\t<\/div>\n\t\t\t\t<div class=\"elementor-element elementor-element-5495a95 elementor-widget elementor-widget-image\" data-id=\"5495a95\" data-element_type=\"widget\" data-e-type=\"widget\" data-widget_type=\"image.default\">\n\t\t\t\t<div class=\"elementor-widget-container\">\n\t\t\t\t\t\t\t\t\t\t\t\t\t\t\t<img decoding=\"async\" width=\"266\" height=\"3\" src=\"https:\/\/www.averosa.de\/wp-content\/uploads\/2021\/04\/l2.png\" class=\"attachment-large size-large wp-image-151\" alt=\"\" srcset=\"https:\/\/www.averosa.de\/wp-content\/uploads\/2021\/04\/l2.png 266w, https:\/\/www.averosa.de\/wp-content\/uploads\/2021\/04\/l2-150x3.png 150w\" sizes=\"(max-width: 266px) 100vw, 266px\" \/>\t\t\t\t\t\t\t\t\t\t\t\t\t\t\t<\/div>\n\t\t\t\t<\/div>\n\t\t\t\t\t<\/div>\n\t\t<\/div>\n\t\t\t\t\t<\/div>\n\t\t<\/section>\n\t\t\t\t<section class=\"elementor-section elementor-top-section elementor-element elementor-element-e21f16e elementor-section-boxed elementor-section-height-default elementor-section-height-default\" data-id=\"e21f16e\" data-element_type=\"section\" data-e-type=\"section\" data-settings=\"{&quot;_ha_eqh_enable&quot;:false}\">\n\t\t\t\t\t\t<div class=\"elementor-container elementor-column-gap-default\">\n\t\t\t\t\t<div class=\"elementor-column elementor-col-100 elementor-top-column elementor-element elementor-element-88b05b8\" data-id=\"88b05b8\" data-element_type=\"column\" data-e-type=\"column\">\n\t\t\t<div class=\"elementor-widget-wrap elementor-element-populated\">\n\t\t\t\t\t\t<div class=\"elementor-element elementor-element-1e10a5d elementor-widget elementor-widget-text-editor\" data-id=\"1e10a5d\" data-element_type=\"widget\" data-e-type=\"widget\" data-widget_type=\"text-editor.default\">\n\t\t\t\t<div class=\"elementor-widget-container\">\n\t\t\t\t\t\t\t\t\t<p><strong>Der Name \u201cAverosa\u201d kommt aus dem Lateinischen besteht aus den W\u00f6rtern \u201cave\u201d (der Gru\u00df) und \u201crosa\u201d (die Rose). Der Name ist eine Hommage an die Rosenstadt Delitzsch, Sitz unseres Unternehmens.<br \/><\/strong><\/p><p>Averosa \u2013 Deutsches Institut f\u00fcr Qualit\u00e4tsmanagement und Qualit\u00e4tssicherung.<\/p><p><strong>A \u2013 Arbeit mit unseren Kunden<\/strong><\/p><p>Unsere Kunden erwarten eine optimale Betreuung und Beratung, wir sind Partner unserer Kunden und unterst\u00fctzen sie beim Erreichen eigener und gesetzlich vorgegebener Qualit\u00e4tsziele.<\/p><p><strong>V \u2013 Verantwortung<\/strong><\/p><p>Jeder Mitarbeiter ist mitverantwortlich f\u00fcr die Qualit\u00e4t unseres Unternehmens und bringt sich hier ein.<\/p><p><strong>E \u2013 Engagement<\/strong><\/p><p>Alle Mitarbeiter engagieren sich, um h\u00f6chstm\u00f6gliche Qualit\u00e4t zu erreichen, dies betrifft vor allem die fachliche, organisatorische und soziale Kompetenz. Unsere Mitarbeiter arbeiten intern eng zusammen und helfen sich gegenseitig. Wir wollen die optimale Betreuung, Beratung und Zufriedenheit der Kunden erreichen. Engagement, Fachlichkeit und Einsatzbereitschaft sind unser oberstes Gebot.<\/p><p><strong>R \u2013 Repr\u00e4sentation der Firma<\/strong><\/p><p>Nach innen und au\u00dfen repr\u00e4sentiert jeder Mitarbeiter unser Unternehmen.<\/p><p><strong>O \u2013 Organisationsstruktur<\/strong><\/p><p>Beratung, Betreuung und fachliche Kenntnisse sind Voraussetzung f\u00fcr eine gute Arbeit mit unseren Kunden. Unsere Organisation orientiert sich an den W\u00fcnschen der Kunden.<\/p><p><strong>S \u2013 Service<\/strong><\/p><p>Bestm\u00f6gliche Serviceleistungen f\u00fcr unsere Kunden sind schnell, effektiv, praxisnah und fachlich korrekt.<\/p><p><strong>A \u2013 Anforderungen des Gesetzgebers<\/strong><\/p><p>Die Erf\u00fcllung der gesetzlichen Forderungen durch unsere Kunden bedeutet f\u00fcr den Kunden nachhaltige wirtschaftliche Handlungssicherheit und f\u00fcr uns den Aufbau einer langfristigen Zusammenarbeit. Die gute Arbeit der von uns betreuten Kunden kommt zum Schluss den Patienten und Bewohnern zu Gute und stellt die wichtigste ethische Grundvorstellung unserer Arbeit dar.<\/p><p>Diese Grundz\u00fcge der Arbeit gelten auch f\u00fcr die angeschlossenen Unternehmungen \u201eDie Pflegeverf\u00fcgung\u201c, die Zentrale Beschwerdestelle\u201c und \u201eCare Buy\u201c.<\/p>\t\t\t\t\t\t\t\t<\/div>\n\t\t\t\t<\/div>\n\t\t\t\t\t<\/div>\n\t\t<\/div>\n\t\t\t\t\t<\/div>\n\t\t<\/section>\n\t\t\t\t<\/div>\n\t\t","protected":false},"excerpt":{"rendered":"<p>Averosa \u2013 Unser Leitbild Der Name \u201cAverosa\u201d kommt aus dem Lateinischen besteht aus den W\u00f6rtern \u201cave\u201d (der Gru\u00df) und \u201crosa\u201d (die Rose). Der Name ist eine Hommage an die Rosenstadt Delitzsch, Sitz unseres Unternehmens. Averosa \u2013 Deutsches Institut f\u00fcr Qualit\u00e4tsmanagement und Qualit\u00e4tssicherung. A \u2013 Arbeit mit unseren Kunden Unsere Kunden erwarten eine optimale Betreuung und Beratung, wir sind Partner unserer Kunden und unterst\u00fctzen sie beim Erreichen eigener und gesetzlich vorgegebener Qualit\u00e4tsziele. V \u2013 Verantwortung Jeder Mitarbeiter ist mitverantwortlich f\u00fcr die Qualit\u00e4t unseres Unternehmens und bringt sich hier ein. E \u2013 Engagement Alle Mitarbeiter engagieren sich, um h\u00f6chstm\u00f6gliche Qualit\u00e4t zu erreichen, dies betrifft vor allem die fachliche, organisatorische und soziale Kompetenz. Unsere Mitarbeiter arbeiten intern eng zusammen und helfen sich gegenseitig. Wir wollen die optimale Betreuung, Beratung und Zufriedenheit der Kunden erreichen. Engagement, Fachlichkeit und Einsatzbereitschaft sind unser oberstes Gebot. R \u2013 Repr\u00e4sentation der Firma Nach innen und au\u00dfen repr\u00e4sentiert jeder Mitarbeiter unser Unternehmen. O \u2013 Organisationsstruktur Beratung, Betreuung und fachliche Kenntnisse sind Voraussetzung f\u00fcr eine gute Arbeit mit unseren Kunden. Unsere Organisation orientiert sich an den W\u00fcnschen der Kunden. S \u2013 Service Bestm\u00f6gliche Serviceleistungen f\u00fcr unsere Kunden sind schnell, effektiv, praxisnah und fachlich korrekt. A \u2013 Anforderungen des Gesetzgebers Die Erf\u00fcllung der gesetzlichen Forderungen durch unsere Kunden bedeutet f\u00fcr den Kunden nachhaltige wirtschaftliche Handlungssicherheit und f\u00fcr uns den Aufbau einer langfristigen Zusammenarbeit. Die gute Arbeit der von uns betreuten Kunden kommt zum Schluss den Patienten und Bewohnern zu Gute und stellt die wichtigste ethische Grundvorstellung unserer Arbeit dar. Diese Grundz\u00fcge der Arbeit gelten auch f\u00fcr die angeschlossenen Unternehmungen \u201eDie Pflegeverf\u00fcgung\u201c, die Zentrale Beschwerdestelle\u201c und \u201eCare Buy\u201c.<\/p>\n","protected":false},"author":1,"featured_media":0,"parent":0,"menu_order":0,"comment_status":"closed","ping_status":"closed","template":"elementor_header_footer","meta":{"footnotes":"","_links_to":"","_links_to_target":""},"class_list":["post-20","page","type-page","status-publish","hentry"],"_links":{"self":[{"href":"https:\/\/www.averosa.de\/index.php\/wp-json\/wp\/v2\/pages\/20","targetHints":{"allow":["GET"]}}],"collection":[{"href":"https:\/\/www.averosa.de\/index.php\/wp-json\/wp\/v2\/pages"}],"about":[{"href":"https:\/\/www.averosa.de\/index.php\/wp-json\/wp\/v2\/types\/page"}],"author":[{"embeddable":true,"href":"https:\/\/www.averosa.de\/index.php\/wp-json\/wp\/v2\/users\/1"}],"replies":[{"embeddable":true,"href":"https:\/\/www.averosa.de\/index.php\/wp-json\/wp\/v2\/comments?post=20"}],"version-history":[{"count":19,"href":"https:\/\/www.averosa.de\/index.php\/wp-json\/wp\/v2\/pages\/20\/revisions"}],"predecessor-version":[{"id":885,"href":"https:\/\/www.averosa.de\/index.php\/wp-json\/wp\/v2\/pages\/20\/revisions\/885"}],"wp:attachment":[{"href":"https:\/\/www.averosa.de\/index.php\/wp-json\/wp\/v2\/media?parent=20"}],"curies":[{"name":"wp","href":"https:\/\/api.w.org\/{rel}","templated":true}]}}