{"id":24,"date":"2021-03-03T15:24:42","date_gmt":"2021-03-03T14:24:42","guid":{"rendered":"https:\/\/www.averosa.de\/?page_id=24"},"modified":"2026-01-07T11:04:07","modified_gmt":"2026-01-07T10:04:07","slug":"10-r-regel-zur-qualitaetsgesicherten-medikamentengabe-siegel-medikamentensicherheit","status":"publish","type":"page","link":"https:\/\/www.averosa.de\/index.php\/10-r-regel-zur-qualitaetsgesicherten-medikamentengabe-siegel-medikamentensicherheit\/","title":{"rendered":"\u201c10-R-Regel zur qualit\u00e4tsgesicherten Medikamentengabe\u201d \/ \u201cSiegel Medikamentensicherheit\u201d"},"content":{"rendered":"\t\t<div data-elementor-type=\"wp-page\" data-elementor-id=\"24\" class=\"elementor elementor-24\" data-elementor-settings=\"{&quot;ha_cmc_init_switcher&quot;:&quot;no&quot;}\">\n\t\t\t\t\t\t<section class=\"elementor-section elementor-top-section elementor-element elementor-element-b903011 elementor-section-stretched elementor-section-boxed elementor-section-height-default elementor-section-height-default\" data-id=\"b903011\" data-element_type=\"section\" data-e-type=\"section\" data-settings=\"{&quot;stretch_section&quot;:&quot;section-stretched&quot;,&quot;_ha_eqh_enable&quot;:false}\">\n\t\t\t\t\t\t<div class=\"elementor-container elementor-column-gap-default\">\n\t\t\t\t\t<div class=\"elementor-column elementor-col-100 elementor-top-column elementor-element elementor-element-55afee8\" data-id=\"55afee8\" data-element_type=\"column\" data-e-type=\"column\">\n\t\t\t<div class=\"elementor-widget-wrap elementor-element-populated\">\n\t\t\t\t\t\t<div class=\"elementor-element elementor-element-28aa8c3 elementor-widget elementor-widget-heading\" data-id=\"28aa8c3\" data-element_type=\"widget\" data-e-type=\"widget\" data-widget_type=\"heading.default\">\n\t\t\t\t<div class=\"elementor-widget-container\">\n\t\t\t\t\t<h2 class=\"elementor-heading-title elementor-size-default\">Die \u201e10-R-Regel zur qualit\u00e4tsgesichterten Medikamentengabe<\/h2>\t\t\t\t<\/div>\n\t\t\t\t<\/div>\n\t\t\t\t<div class=\"elementor-element elementor-element-1431ee1 elementor-widget elementor-widget-image\" data-id=\"1431ee1\" data-element_type=\"widget\" data-e-type=\"widget\" data-widget_type=\"image.default\">\n\t\t\t\t<div class=\"elementor-widget-container\">\n\t\t\t\t\t\t\t\t\t\t\t\t\t\t\t<img decoding=\"async\" width=\"266\" height=\"3\" src=\"https:\/\/www.averosa.de\/wp-content\/uploads\/2021\/04\/l2.png\" class=\"attachment-large size-large wp-image-151\" alt=\"\" srcset=\"https:\/\/www.averosa.de\/wp-content\/uploads\/2021\/04\/l2.png 266w, https:\/\/www.averosa.de\/wp-content\/uploads\/2021\/04\/l2-150x3.png 150w\" sizes=\"(max-width: 266px) 100vw, 266px\" \/>\t\t\t\t\t\t\t\t\t\t\t\t\t\t\t<\/div>\n\t\t\t\t<\/div>\n\t\t\t\t\t<\/div>\n\t\t<\/div>\n\t\t\t\t\t<\/div>\n\t\t<\/section>\n\t\t\t\t<section class=\"elementor-section elementor-top-section elementor-element elementor-element-f43014f elementor-section-boxed elementor-section-height-default elementor-section-height-default\" data-id=\"f43014f\" data-element_type=\"section\" data-e-type=\"section\" data-settings=\"{&quot;_ha_eqh_enable&quot;:false}\">\n\t\t\t\t\t\t<div class=\"elementor-container elementor-column-gap-default\">\n\t\t\t\t\t<div class=\"elementor-column elementor-col-100 elementor-top-column elementor-element elementor-element-423cd7e\" data-id=\"423cd7e\" data-element_type=\"column\" data-e-type=\"column\">\n\t\t\t<div class=\"elementor-widget-wrap elementor-element-populated\">\n\t\t\t\t\t\t<div class=\"elementor-element elementor-element-fcd780e elementor-widget elementor-widget-text-editor\" data-id=\"fcd780e\" data-element_type=\"widget\" data-e-type=\"widget\" data-widget_type=\"text-editor.default\">\n\t\t\t\t<div class=\"elementor-widget-container\">\n\t\t\t\t\t\t\t\t\t<p><em>\u201cGuten Morgen Herr Frie\u00df,<\/em><\/p><p><em>ich m\u00f6chte mich noch mal f\u00fcr die gute Zusammenarbeit, dass Medikamentensiegel betreffend, bedanken. Die Zertifizierung l\u00e4uft sehr angenehm und der fachliche Austausch ist sehr gut. So h\u00f6ren die Einrichtungen auch noch einmal von Ihnen, was in punkto Medikamente alles verbesserungsf\u00e4hig ist. Vielen lieben Dank und einen sch\u00f6nen Tag. <\/em><\/p><p><em>Frau Jean Sowa, FBL Altenhilfe, VS habilis gGmbH, Magdeburg (Tr\u00e4ger ambulanter und station\u00e4rer Pflegeeinrichtungen)\u201d<\/em><\/p><p><strong><a href=\"https:\/\/care-buy.de\/averosa-neu\/wp-content\/uploads\/2021\/06\/10-R-Regel-Plakat-Kompatibilitaetsmodus.pdf\" target=\"_blank\" rel=\"noopener\">Die \u201e10-R-Regel zur qualit\u00e4tsgesichterten Medikamentengabe, Weiterbildungen\u00a0 und auch die Zertifizierung des \u201cSiegel Medikamentensicherheit sind nur \u00fcber Averosa m\u00f6glich, laden Sie bitte das Plakat hier herunter oder fordern Sie das Plakat an \u2013 info@averosa.de !<\/a><\/strong><\/p>\t\t\t\t\t\t\t\t<\/div>\n\t\t\t\t<\/div>\n\t\t\t\t\t<\/div>\n\t\t<\/div>\n\t\t\t\t\t<\/div>\n\t\t<\/section>\n\t\t\t\t<section class=\"elementor-section elementor-top-section elementor-element elementor-element-988b06b elementor-section-stretched elementor-section-boxed elementor-section-height-default elementor-section-height-default\" data-id=\"988b06b\" data-element_type=\"section\" data-e-type=\"section\" data-settings=\"{&quot;stretch_section&quot;:&quot;section-stretched&quot;,&quot;_ha_eqh_enable&quot;:false}\">\n\t\t\t\t\t\t<div class=\"elementor-container elementor-column-gap-default\">\n\t\t\t\t\t<div class=\"elementor-column elementor-col-100 elementor-top-column elementor-element elementor-element-8a591e0\" data-id=\"8a591e0\" data-element_type=\"column\" data-e-type=\"column\">\n\t\t\t<div class=\"elementor-widget-wrap elementor-element-populated\">\n\t\t\t\t\t\t<div class=\"elementor-element elementor-element-f9e2fba elementor-widget elementor-widget-image\" data-id=\"f9e2fba\" data-element_type=\"widget\" data-e-type=\"widget\" data-widget_type=\"image.default\">\n\t\t\t\t<div class=\"elementor-widget-container\">\n\t\t\t\t\t\t\t\t\t\t\t\t\t\t\t\t<a href=\"https:\/\/care-buy.de\/averosa-neu\/wp-content\/uploads\/2021\/06\/10-R-Regel-Plakat-Kompatibilitaetsmodus.pdf\" target=\"_blank\" rel=\"noopener\">\n\t\t\t\t\t\t\t<img decoding=\"async\" src=\"https:\/\/www.averosa.de\/wp-content\/uploads\/elementor\/thumbs\/10-R-Regel-Plakat-qovkx63iwkfhz84ebn5fizesnlovxh7y3iho65zyqc.jpg\" title=\"10-R-Regel Plakat\" alt=\"10-R-Regel Plakat\" loading=\"lazy\" \/>\t\t\t\t\t\t\t\t<\/a>\n\t\t\t\t\t\t\t\t\t\t\t\t\t\t\t<\/div>\n\t\t\t\t<\/div>\n\t\t\t\t\t<\/div>\n\t\t<\/div>\n\t\t\t\t\t<\/div>\n\t\t<\/section>\n\t\t\t\t<section class=\"elementor-section elementor-top-section elementor-element elementor-element-7310d7c elementor-section-stretched elementor-section-boxed elementor-section-height-default elementor-section-height-default\" data-id=\"7310d7c\" data-element_type=\"section\" data-e-type=\"section\" data-settings=\"{&quot;stretch_section&quot;:&quot;section-stretched&quot;,&quot;background_background&quot;:&quot;classic&quot;,&quot;_ha_eqh_enable&quot;:false}\">\n\t\t\t\t\t\t<div class=\"elementor-container elementor-column-gap-default\">\n\t\t\t\t\t<div class=\"elementor-column elementor-col-100 elementor-top-column elementor-element elementor-element-2cf4030\" data-id=\"2cf4030\" data-element_type=\"column\" data-e-type=\"column\">\n\t\t\t<div class=\"elementor-widget-wrap elementor-element-populated\">\n\t\t\t\t\t\t<div class=\"elementor-element elementor-element-1b2b8e2 elementor-widget elementor-widget-heading\" data-id=\"1b2b8e2\" data-element_type=\"widget\" data-e-type=\"widget\" data-widget_type=\"heading.default\">\n\t\t\t\t<div class=\"elementor-widget-container\">\n\t\t\t\t\t<h2 class=\"elementor-heading-title elementor-size-default\">Vereinbarung \u00fcber die Veragabe des Siegel \"Medikamentensicherheit\"<\/h2>\t\t\t\t<\/div>\n\t\t\t\t<\/div>\n\t\t\t\t<div class=\"elementor-element elementor-element-702ea33 elementor-widget elementor-widget-image\" data-id=\"702ea33\" data-element_type=\"widget\" data-e-type=\"widget\" data-widget_type=\"image.default\">\n\t\t\t\t<div class=\"elementor-widget-container\">\n\t\t\t\t\t\t\t\t\t\t\t\t\t\t\t<img decoding=\"async\" width=\"266\" height=\"3\" src=\"https:\/\/www.averosa.de\/wp-content\/uploads\/2021\/04\/l2.png\" class=\"attachment-large size-large wp-image-151\" alt=\"\" srcset=\"https:\/\/www.averosa.de\/wp-content\/uploads\/2021\/04\/l2.png 266w, https:\/\/www.averosa.de\/wp-content\/uploads\/2021\/04\/l2-150x3.png 150w\" sizes=\"(max-width: 266px) 100vw, 266px\" \/>\t\t\t\t\t\t\t\t\t\t\t\t\t\t\t<\/div>\n\t\t\t\t<\/div>\n\t\t\t\t\t<\/div>\n\t\t<\/div>\n\t\t\t\t\t<\/div>\n\t\t<\/section>\n\t\t\t\t<section class=\"elementor-section elementor-top-section elementor-element elementor-element-80e2784 elementor-section-stretched elementor-section-boxed elementor-section-height-default elementor-section-height-default\" data-id=\"80e2784\" data-element_type=\"section\" data-e-type=\"section\" data-settings=\"{&quot;stretch_section&quot;:&quot;section-stretched&quot;,&quot;background_background&quot;:&quot;classic&quot;,&quot;_ha_eqh_enable&quot;:false}\">\n\t\t\t\t\t\t<div class=\"elementor-container elementor-column-gap-default\">\n\t\t\t\t\t<div class=\"elementor-column elementor-col-100 elementor-top-column elementor-element elementor-element-41b6553\" data-id=\"41b6553\" data-element_type=\"column\" data-e-type=\"column\">\n\t\t\t<div class=\"elementor-widget-wrap elementor-element-populated\">\n\t\t\t\t\t\t<section class=\"elementor-section elementor-inner-section elementor-element elementor-element-1b74c76 elementor-section-boxed elementor-section-height-default elementor-section-height-default\" data-id=\"1b74c76\" data-element_type=\"section\" data-e-type=\"section\" data-settings=\"{&quot;_ha_eqh_enable&quot;:false}\">\n\t\t\t\t\t\t<div class=\"elementor-container elementor-column-gap-default\">\n\t\t\t\t\t<div class=\"elementor-column elementor-col-50 elementor-inner-column elementor-element elementor-element-10919e0\" data-id=\"10919e0\" data-element_type=\"column\" data-e-type=\"column\">\n\t\t\t<div class=\"elementor-widget-wrap elementor-element-populated\">\n\t\t\t\t\t\t<div class=\"elementor-element elementor-element-18c2562 elementor-widget elementor-widget-image\" data-id=\"18c2562\" data-element_type=\"widget\" data-e-type=\"widget\" data-widget_type=\"image.default\">\n\t\t\t\t<div class=\"elementor-widget-container\">\n\t\t\t\t\t\t\t\t\t\t\t\t\t\t\t<img decoding=\"async\" src=\"https:\/\/www.averosa.de\/wp-content\/uploads\/elementor\/thumbs\/siegel-pqx6dgn5do30axlsu6so9yf2dwslqvbwfk20529l8w.png\" title=\"Siegel Medikamentensicherheit\" alt=\"Siegel Medikamentensicherheit\" loading=\"lazy\" \/>\t\t\t\t\t\t\t\t\t\t\t\t\t\t\t<\/div>\n\t\t\t\t<\/div>\n\t\t\t\t\t<\/div>\n\t\t<\/div>\n\t\t\t\t<div class=\"elementor-column elementor-col-50 elementor-inner-column elementor-element elementor-element-2214a14\" data-id=\"2214a14\" data-element_type=\"column\" data-e-type=\"column\">\n\t\t\t<div class=\"elementor-widget-wrap elementor-element-populated\">\n\t\t\t\t\t\t<div class=\"elementor-element elementor-element-8780254 elementor-widget elementor-widget-text-editor\" data-id=\"8780254\" data-element_type=\"widget\" data-e-type=\"widget\" data-widget_type=\"text-editor.default\">\n\t\t\t\t<div class=\"elementor-widget-container\">\n\t\t\t\t\t\t\t\t\t<p><a href=\"https:\/\/www.averosa.de\/wp-content\/uploads\/2026\/01\/Siegel-Medikamentensicherheit-Vertrag-V-003.pdf\" target=\"_blank\" rel=\"noopener\">Vereinbarung \u00fcber die Vergabe\/Nutzung\/Verwendung des \u201eSiegel Medikamentensicherheit (PDF)<\/a><\/p><p>Diese 10-R-Regel ist urheberrechtlich gesch\u00fctzt, darf aber unter Hinweis auf Averosa in allen Einrichtungen der Reha, der Behindertenhilfe, in Krankenh\u00e4usern, in Pflegeheimen\u00a0und -diensten kostenfrei angewendet werden.<\/p><p>Eine Zertifizierung mit dem \u201cSiegel Medikamentensicherheit\u201d ist (nur) durch das Averosa-Institut f\u00fcr Qualit\u00e4tsmanagement und Qualit\u00e4tssicherung m\u00f6glich. Rufen Sie uns bitte an: 034202\/34300<\/p><p>Ihr Jens Frie\u00df<br \/>Inhaber Institut-Averosa<\/p>\t\t\t\t\t\t\t\t<\/div>\n\t\t\t\t<\/div>\n\t\t\t\t\t<\/div>\n\t\t<\/div>\n\t\t\t\t\t<\/div>\n\t\t<\/section>\n\t\t\t\t\t<\/div>\n\t\t<\/div>\n\t\t\t\t\t<\/div>\n\t\t<\/section>\n\t\t\t\t<\/div>\n\t\t","protected":false},"excerpt":{"rendered":"<p>Die \u201e10-R-Regel zur qualit\u00e4tsgesichterten Medikamentengabe \u201cGuten Morgen Herr Frie\u00df, ich m\u00f6chte mich noch mal f\u00fcr die gute Zusammenarbeit, dass Medikamentensiegel betreffend, bedanken. Die Zertifizierung l\u00e4uft sehr angenehm und der fachliche Austausch ist sehr gut. So h\u00f6ren die Einrichtungen auch noch einmal von Ihnen, was in punkto Medikamente alles verbesserungsf\u00e4hig ist. Vielen lieben Dank und einen sch\u00f6nen Tag. Frau Jean Sowa, FBL Altenhilfe, VS habilis gGmbH, Magdeburg (Tr\u00e4ger ambulanter und station\u00e4rer Pflegeeinrichtungen)\u201d Die \u201e10-R-Regel zur qualit\u00e4tsgesichterten Medikamentengabe, Weiterbildungen\u00a0 und auch die Zertifizierung des \u201cSiegel Medikamentensicherheit sind nur \u00fcber Averosa m\u00f6glich, laden Sie bitte das Plakat hier herunter oder fordern Sie das Plakat an \u2013 info@averosa.de ! Vereinbarung \u00fcber die Veragabe des Siegel &#8222;Medikamentensicherheit&#8220; Vereinbarung \u00fcber die Vergabe\/Nutzung\/Verwendung des \u201eSiegel Medikamentensicherheit (PDF) Diese 10-R-Regel ist urheberrechtlich gesch\u00fctzt, darf aber unter Hinweis auf Averosa in allen Einrichtungen der Reha, der Behindertenhilfe, in Krankenh\u00e4usern, in Pflegeheimen\u00a0und -diensten kostenfrei angewendet werden. Eine Zertifizierung mit dem \u201cSiegel Medikamentensicherheit\u201d ist (nur) durch das Averosa-Institut f\u00fcr Qualit\u00e4tsmanagement und Qualit\u00e4tssicherung m\u00f6glich. Rufen Sie uns bitte an: 034202\/34300 Ihr Jens Frie\u00dfInhaber Institut-Averosa<\/p>\n","protected":false},"author":1,"featured_media":0,"parent":0,"menu_order":0,"comment_status":"closed","ping_status":"closed","template":"elementor_header_footer","meta":{"footnotes":"","_links_to":"","_links_to_target":""},"class_list":["post-24","page","type-page","status-publish","hentry"],"_links":{"self":[{"href":"https:\/\/www.averosa.de\/index.php\/wp-json\/wp\/v2\/pages\/24","targetHints":{"allow":["GET"]}}],"collection":[{"href":"https:\/\/www.averosa.de\/index.php\/wp-json\/wp\/v2\/pages"}],"about":[{"href":"https:\/\/www.averosa.de\/index.php\/wp-json\/wp\/v2\/types\/page"}],"author":[{"embeddable":true,"href":"https:\/\/www.averosa.de\/index.php\/wp-json\/wp\/v2\/users\/1"}],"replies":[{"embeddable":true,"href":"https:\/\/www.averosa.de\/index.php\/wp-json\/wp\/v2\/comments?post=24"}],"version-history":[{"count":56,"href":"https:\/\/www.averosa.de\/index.php\/wp-json\/wp\/v2\/pages\/24\/revisions"}],"predecessor-version":[{"id":998,"href":"https:\/\/www.averosa.de\/index.php\/wp-json\/wp\/v2\/pages\/24\/revisions\/998"}],"wp:attachment":[{"href":"https:\/\/www.averosa.de\/index.php\/wp-json\/wp\/v2\/media?parent=24"}],"curies":[{"name":"wp","href":"https:\/\/api.w.org\/{rel}","templated":true}]}}