{"id":28,"date":"2021-03-03T15:25:13","date_gmt":"2021-03-03T14:25:13","guid":{"rendered":"https:\/\/www.averosa.de\/?page_id=28"},"modified":"2026-01-07T11:07:29","modified_gmt":"2026-01-07T10:07:29","slug":"fort-und-weiterbildung-inhouse","status":"publish","type":"page","link":"https:\/\/www.averosa.de\/index.php\/fort-und-weiterbildung-inhouse\/","title":{"rendered":"Fort- und Weiterbildung (Inhouse)"},"content":{"rendered":"\t\t<div data-elementor-type=\"wp-page\" data-elementor-id=\"28\" class=\"elementor elementor-28\" data-elementor-settings=\"{&quot;ha_cmc_init_switcher&quot;:&quot;no&quot;}\">\n\t\t\t\t\t\t<section class=\"elementor-section elementor-top-section elementor-element elementor-element-727252e elementor-section-boxed elementor-section-height-default elementor-section-height-default\" data-id=\"727252e\" data-element_type=\"section\" data-e-type=\"section\" data-settings=\"{&quot;_ha_eqh_enable&quot;:false}\">\n\t\t\t\t\t\t<div class=\"elementor-container elementor-column-gap-default\">\n\t\t\t\t\t<div class=\"elementor-column elementor-col-100 elementor-top-column elementor-element elementor-element-03f4b37\" data-id=\"03f4b37\" data-element_type=\"column\" data-e-type=\"column\">\n\t\t\t<div class=\"elementor-widget-wrap elementor-element-populated\">\n\t\t\t\t\t\t<div class=\"elementor-element elementor-element-047b64f elementor-widget elementor-widget-heading\" data-id=\"047b64f\" data-element_type=\"widget\" data-e-type=\"widget\" data-widget_type=\"heading.default\">\n\t\t\t\t<div class=\"elementor-widget-container\">\n\t\t\t\t\t<h2 class=\"elementor-heading-title elementor-size-default\">Fort\u2013 und Weiterbildung (Inhouse)<\/h2>\t\t\t\t<\/div>\n\t\t\t\t<\/div>\n\t\t\t\t<div class=\"elementor-element elementor-element-3e8b298 elementor-widget elementor-widget-image\" data-id=\"3e8b298\" data-element_type=\"widget\" data-e-type=\"widget\" data-widget_type=\"image.default\">\n\t\t\t\t<div class=\"elementor-widget-container\">\n\t\t\t\t\t\t\t\t\t\t\t\t\t\t\t<img decoding=\"async\" width=\"266\" height=\"3\" src=\"https:\/\/www.averosa.de\/wp-content\/uploads\/2021\/04\/l2.png\" class=\"attachment-large size-large wp-image-151\" alt=\"\" srcset=\"https:\/\/www.averosa.de\/wp-content\/uploads\/2021\/04\/l2.png 266w, https:\/\/www.averosa.de\/wp-content\/uploads\/2021\/04\/l2-150x3.png 150w\" sizes=\"(max-width: 266px) 100vw, 266px\" \/>\t\t\t\t\t\t\t\t\t\t\t\t\t\t\t<\/div>\n\t\t\t\t<\/div>\n\t\t\t\t<div class=\"elementor-element elementor-element-bd533b2 elementor-widget elementor-widget-text-editor\" data-id=\"bd533b2\" data-element_type=\"widget\" data-e-type=\"widget\" data-widget_type=\"text-editor.default\">\n\t\t\t\t<div class=\"elementor-widget-container\">\n\t\t\t\t\t\t\t\t\t<p>Sehr geehrte Damen und Herren,<\/p><p>Sie sind st\u00e4ndig bem\u00fcht, Ihr Unternehmen mit aktuellsten Erkenntnissen der Pflegewissenschaft und des Qualit\u00e4tsmanagements vertraut zu machen. Ihnen ist bekannt, dass Fachwissen eng mit dem Erreichen von Qualit\u00e4tszielen und betriebswirtschaftlichem Erfolg verkn\u00fcpft ist und Risiken minimiert. Auch der MD \/ care proof und die Heimaufsichten (bei station\u00e4ren Einrichtungen) legt bei seinen Qualit\u00e4tspr\u00fcfungen besonderes Augenmerk auf die Fort- und Weiterbildung Ihrer Mitarbeiter.<\/p><p>Beachten Sie bitte folgende Empfehlungen der Kassen (je nach Bundesland innerhalb der Rahmenvertr\u00e4ge unterschiedlich)<\/p>\t\t\t\t\t\t\t\t<\/div>\n\t\t\t\t<\/div>\n\t\t\t\t\t<\/div>\n\t\t<\/div>\n\t\t\t\t\t<\/div>\n\t\t<\/section>\n\t\t\t\t<section class=\"elementor-section elementor-top-section elementor-element elementor-element-668d7a0 elementor-section-boxed elementor-section-height-default elementor-section-height-default\" data-id=\"668d7a0\" data-element_type=\"section\" data-e-type=\"section\" data-settings=\"{&quot;_ha_eqh_enable&quot;:false}\">\n\t\t\t\t\t\t<div class=\"elementor-container elementor-column-gap-default\">\n\t\t\t\t\t<div class=\"elementor-column elementor-col-100 elementor-top-column elementor-element elementor-element-70a4307\" data-id=\"70a4307\" data-element_type=\"column\" data-e-type=\"column\">\n\t\t\t<div class=\"elementor-widget-wrap elementor-element-populated\">\n\t\t\t\t\t\t<div class=\"elementor-element elementor-element-4d0ce9f elementor-widget elementor-widget-text-editor\" data-id=\"4d0ce9f\" data-element_type=\"widget\" data-e-type=\"widget\" data-widget_type=\"text-editor.default\">\n\t\t\t\t<div class=\"elementor-widget-container\">\n\t\t\t\t\t\t\t\t\t<ul><li>Gesch\u00e4ftsf\u00fchrung\/Heimleitung j\u00e4hrlich 40 h<\/li><li>PDL j\u00e4hrlich 32 h<\/li><li>Funktionen (QB; Hygienebeauftragter etc.) j\u00e4hrlich 32 h<\/li><li>Fachkr\u00e4fte j\u00e4hrlich 24 h<\/li><li>Hilfskr\u00e4fte j\u00e4hrlich 16 h<\/li><\/ul>\t\t\t\t\t\t\t\t<\/div>\n\t\t\t\t<\/div>\n\t\t\t\t\t<\/div>\n\t\t<\/div>\n\t\t\t\t\t<\/div>\n\t\t<\/section>\n\t\t\t\t<section class=\"elementor-section elementor-top-section elementor-element elementor-element-24d3568 elementor-section-boxed elementor-section-height-default elementor-section-height-default\" data-id=\"24d3568\" data-element_type=\"section\" data-e-type=\"section\" data-settings=\"{&quot;_ha_eqh_enable&quot;:false}\">\n\t\t\t\t\t\t<div class=\"elementor-container elementor-column-gap-default\">\n\t\t\t\t\t<div class=\"elementor-column elementor-col-100 elementor-top-column elementor-element elementor-element-d7df0af\" data-id=\"d7df0af\" data-element_type=\"column\" data-e-type=\"column\">\n\t\t\t<div class=\"elementor-widget-wrap elementor-element-populated\">\n\t\t\t\t\t\t<div class=\"elementor-element elementor-element-a52d5c7 elementor-widget elementor-widget-text-editor\" data-id=\"a52d5c7\" data-element_type=\"widget\" data-e-type=\"widget\" data-widget_type=\"text-editor.default\">\n\t\t\t\t<div class=\"elementor-widget-container\">\n\t\t\t\t\t\t\t\t\t<p>Unser Service hat sich f\u00fcr Sie erweitert:<\/p><p>Unsere bew\u00e4hrten Inhouse-Seminare (Seminare in Ihrer Einrichtung, bei Ihnen im Pflegedienst\/ der Sozialstation), bleiben f\u00fcr Sie erhalten \u2013 konnten jedoch um Themen erweitert werden<\/p><p><a href=\"https:\/\/www.averosa.de\/wp-content\/uploads\/2025\/12\/1.-2026-Rueckfax-Seminare.pdf\" target=\"_blank\" rel=\"noopener\">Buchung Seminare (PDF)<\/a><\/p><p><strong>Neu!<\/strong> Unsere Ausbildung zum \u201eQualit\u00e4tsbeauftragten f\u00fcr Pflegeeinrichtungen\u201c, orientiert sich vor allem an den DIN und den\u00a0 g\u00fcltigen QPR zur Vorbereitung und Durchf\u00fchrung von MD-Qualit\u00e4tspr\u00fcfungen, praxisnah.<\/p><p><span style=\"color: #ff0000;\">Nutzen Sie auch PiN \u2013 Pflegewissen im Netz \u2013 Ausbildung mit Fachaufzeichnungen<\/span><\/p><p>Unsere Dozenten sind praxiserfahrene Pflegefachkr\u00e4fte, Qualit\u00e4tsbeauftragte, Qualit\u00e4tsmanager und Auditoren.<\/p>\t\t\t\t\t\t\t\t<\/div>\n\t\t\t\t<\/div>\n\t\t\t\t\t<\/div>\n\t\t<\/div>\n\t\t\t\t\t<\/div>\n\t\t<\/section>\n\t\t\t\t<\/div>\n\t\t","protected":false},"excerpt":{"rendered":"<p>Fort\u2013 und Weiterbildung (Inhouse) Sehr geehrte Damen und Herren, Sie sind st\u00e4ndig bem\u00fcht, Ihr Unternehmen mit aktuellsten Erkenntnissen der Pflegewissenschaft und des Qualit\u00e4tsmanagements vertraut zu machen. Ihnen ist bekannt, dass Fachwissen eng mit dem Erreichen von Qualit\u00e4tszielen und betriebswirtschaftlichem Erfolg verkn\u00fcpft ist und Risiken minimiert. Auch der MD \/ care proof und die Heimaufsichten (bei station\u00e4ren Einrichtungen) legt bei seinen Qualit\u00e4tspr\u00fcfungen besonderes Augenmerk auf die Fort- und Weiterbildung Ihrer Mitarbeiter. Beachten Sie bitte folgende Empfehlungen der Kassen (je nach Bundesland innerhalb der Rahmenvertr\u00e4ge unterschiedlich) Gesch\u00e4ftsf\u00fchrung\/Heimleitung j\u00e4hrlich 40 h PDL j\u00e4hrlich 32 h Funktionen (QB; Hygienebeauftragter etc.) j\u00e4hrlich 32 h Fachkr\u00e4fte j\u00e4hrlich 24 h Hilfskr\u00e4fte j\u00e4hrlich 16 h Unser Service hat sich f\u00fcr Sie erweitert: Unsere bew\u00e4hrten Inhouse-Seminare (Seminare in Ihrer Einrichtung, bei Ihnen im Pflegedienst\/ der Sozialstation), bleiben f\u00fcr Sie erhalten \u2013 konnten jedoch um Themen erweitert werden Buchung Seminare (PDF) Neu! Unsere Ausbildung zum \u201eQualit\u00e4tsbeauftragten f\u00fcr Pflegeeinrichtungen\u201c, orientiert sich vor allem an den DIN und den\u00a0 g\u00fcltigen QPR zur Vorbereitung und Durchf\u00fchrung von MD-Qualit\u00e4tspr\u00fcfungen, praxisnah. Nutzen Sie auch PiN \u2013 Pflegewissen im Netz \u2013 Ausbildung mit Fachaufzeichnungen Unsere Dozenten sind praxiserfahrene Pflegefachkr\u00e4fte, Qualit\u00e4tsbeauftragte, Qualit\u00e4tsmanager und Auditoren.<\/p>\n","protected":false},"author":1,"featured_media":0,"parent":0,"menu_order":0,"comment_status":"closed","ping_status":"closed","template":"elementor_header_footer","meta":{"footnotes":"","_links_to":"","_links_to_target":""},"class_list":["post-28","page","type-page","status-publish","hentry"],"_links":{"self":[{"href":"https:\/\/www.averosa.de\/index.php\/wp-json\/wp\/v2\/pages\/28","targetHints":{"allow":["GET"]}}],"collection":[{"href":"https:\/\/www.averosa.de\/index.php\/wp-json\/wp\/v2\/pages"}],"about":[{"href":"https:\/\/www.averosa.de\/index.php\/wp-json\/wp\/v2\/types\/page"}],"author":[{"embeddable":true,"href":"https:\/\/www.averosa.de\/index.php\/wp-json\/wp\/v2\/users\/1"}],"replies":[{"embeddable":true,"href":"https:\/\/www.averosa.de\/index.php\/wp-json\/wp\/v2\/comments?post=28"}],"version-history":[{"count":31,"href":"https:\/\/www.averosa.de\/index.php\/wp-json\/wp\/v2\/pages\/28\/revisions"}],"predecessor-version":[{"id":1004,"href":"https:\/\/www.averosa.de\/index.php\/wp-json\/wp\/v2\/pages\/28\/revisions\/1004"}],"wp:attachment":[{"href":"https:\/\/www.averosa.de\/index.php\/wp-json\/wp\/v2\/media?parent=28"}],"curies":[{"name":"wp","href":"https:\/\/api.w.org\/{rel}","templated":true}]}}