{"id":521,"date":"2022-08-15T11:40:11","date_gmt":"2022-08-15T09:40:11","guid":{"rendered":"https:\/\/www.averosa.de\/?page_id=521"},"modified":"2026-03-18T08:34:38","modified_gmt":"2026-03-18T07:34:38","slug":"arbeit-mit-fachaufzeichnungen","status":"publish","type":"page","link":"https:\/\/www.averosa.de\/index.php\/arbeit-mit-fachaufzeichnungen\/","title":{"rendered":"Arbeit mit Fachaufzeichnungen"},"content":{"rendered":"\t\t<div data-elementor-type=\"wp-page\" data-elementor-id=\"521\" class=\"elementor elementor-521\" data-elementor-settings=\"{&quot;ha_cmc_init_switcher&quot;:&quot;no&quot;}\">\n\t\t\t\t\t\t<section class=\"elementor-section elementor-top-section elementor-element elementor-element-556854dd elementor-section-boxed elementor-section-height-default elementor-section-height-default\" data-id=\"556854dd\" data-element_type=\"section\" data-e-type=\"section\" data-settings=\"{&quot;_ha_eqh_enable&quot;:false}\">\n\t\t\t\t\t\t<div class=\"elementor-container elementor-column-gap-default\">\n\t\t\t\t\t<div class=\"elementor-column elementor-col-100 elementor-top-column elementor-element elementor-element-413c6fd2\" data-id=\"413c6fd2\" data-element_type=\"column\" data-e-type=\"column\">\n\t\t\t<div class=\"elementor-widget-wrap elementor-element-populated\">\n\t\t\t\t\t\t<div class=\"elementor-element elementor-element-5af0f990 elementor-widget elementor-widget-heading\" data-id=\"5af0f990\" data-element_type=\"widget\" data-e-type=\"widget\" data-widget_type=\"heading.default\">\n\t\t\t\t<div class=\"elementor-widget-container\">\n\t\t\t\t\t<h2 class=\"elementor-heading-title elementor-size-default\">Arbeit mit Fachaufzeichnungen<\/h2>\t\t\t\t<\/div>\n\t\t\t\t<\/div>\n\t\t\t\t<div class=\"elementor-element elementor-element-161fd447 elementor-widget elementor-widget-image\" data-id=\"161fd447\" data-element_type=\"widget\" data-e-type=\"widget\" data-widget_type=\"image.default\">\n\t\t\t\t<div class=\"elementor-widget-container\">\n\t\t\t\t\t\t\t\t\t\t\t\t\t\t\t<img decoding=\"async\" width=\"266\" height=\"3\" src=\"https:\/\/www.averosa.de\/wp-content\/uploads\/2021\/04\/l2.png\" class=\"attachment-large size-large wp-image-151\" alt=\"\" srcset=\"https:\/\/www.averosa.de\/wp-content\/uploads\/2021\/04\/l2.png 266w, https:\/\/www.averosa.de\/wp-content\/uploads\/2021\/04\/l2-150x3.png 150w\" sizes=\"(max-width: 266px) 100vw, 266px\" \/>\t\t\t\t\t\t\t\t\t\t\t\t\t\t\t<\/div>\n\t\t\t\t<\/div>\n\t\t\t\t\t<\/div>\n\t\t<\/div>\n\t\t\t\t\t<\/div>\n\t\t<\/section>\n\t\t\t\t<section class=\"elementor-section elementor-top-section elementor-element elementor-element-565d404 elementor-section-boxed elementor-section-height-default elementor-section-height-default\" data-id=\"565d404\" data-element_type=\"section\" data-e-type=\"section\" data-settings=\"{&quot;_ha_eqh_enable&quot;:false}\">\n\t\t\t\t\t\t<div class=\"elementor-container elementor-column-gap-default\">\n\t\t\t\t\t<div class=\"elementor-column elementor-col-100 elementor-top-column elementor-element elementor-element-4d9136b\" data-id=\"4d9136b\" data-element_type=\"column\" data-e-type=\"column\">\n\t\t\t<div class=\"elementor-widget-wrap elementor-element-populated\">\n\t\t\t\t\t\t<div class=\"elementor-element elementor-element-63bd3c6 elementor-widget elementor-widget-toggle\" data-id=\"63bd3c6\" data-element_type=\"widget\" data-e-type=\"widget\" data-widget_type=\"toggle.default\">\n\t\t\t\t<div class=\"elementor-widget-container\">\n\t\t\t\t\t\t\t<div class=\"elementor-toggle\">\n\t\t\t\t\t\t\t<div class=\"elementor-toggle-item\">\n\t\t\t\t\t<div id=\"elementor-tab-title-1041\" class=\"elementor-tab-title\" data-tab=\"1\" role=\"button\" aria-controls=\"elementor-tab-content-1041\" aria-expanded=\"false\">\n\t\t\t\t\t\t\t\t\t\t\t\t<span class=\"elementor-toggle-icon elementor-toggle-icon-left\" aria-hidden=\"true\">\n\t\t\t\t\t\t\t\t\t\t\t\t\t\t\t<span class=\"elementor-toggle-icon-closed\"><i class=\"fas fa-caret-right\"><\/i><\/span>\n\t\t\t\t\t\t\t\t<span class=\"elementor-toggle-icon-opened\"><i class=\"elementor-toggle-icon-opened fas fa-caret-up\"><\/i><\/span>\n\t\t\t\t\t\t\t\t\t\t\t\t\t<\/span>\n\t\t\t\t\t\t\t\t\t\t\t\t<a class=\"elementor-toggle-title\" tabindex=\"0\">Betreuungskr\u00e4fte<\/a>\n\t\t\t\t\t<\/div>\n\n\t\t\t\t\t<div id=\"elementor-tab-content-1041\" class=\"elementor-tab-content elementor-clearfix\" data-tab=\"1\" role=\"region\" aria-labelledby=\"elementor-tab-title-1041\"><ol><li><a href=\"https:\/\/www.averosa.de\/wp-content\/uploads\/2025\/08\/Rueckfax-Uebersicht-der-Mitarbeiter-jaehrliche-fachliche-Auffrischung.pdf\" target=\"_blank\" rel=\"nofollow noopener\">\u00dcbersicht der als Betreuungskr\u00e4fte t\u00e4tigen Mitarbeiter (PDF)<\/a><\/li><li><a href=\"https:\/\/www.averosa.de\/wp-content\/uploads\/2024\/10\/Rueckfax-Betreuungskraefte-V-04.pdf\" target=\"_blank\" rel=\"nofollow noopener\">R\u00fcckfax Betreuungskr\u00e4fte (PDF)<\/a><\/li><\/ol><\/div>\n\t\t\t\t<\/div>\n\t\t\t\t\t\t\t<div class=\"elementor-toggle-item\">\n\t\t\t\t\t<div id=\"elementor-tab-title-1042\" class=\"elementor-tab-title\" data-tab=\"2\" role=\"button\" aria-controls=\"elementor-tab-content-1042\" aria-expanded=\"false\">\n\t\t\t\t\t\t\t\t\t\t\t\t<span class=\"elementor-toggle-icon elementor-toggle-icon-left\" aria-hidden=\"true\">\n\t\t\t\t\t\t\t\t\t\t\t\t\t\t\t<span class=\"elementor-toggle-icon-closed\"><i class=\"fas fa-caret-right\"><\/i><\/span>\n\t\t\t\t\t\t\t\t<span class=\"elementor-toggle-icon-opened\"><i class=\"elementor-toggle-icon-opened fas fa-caret-up\"><\/i><\/span>\n\t\t\t\t\t\t\t\t\t\t\t\t\t<\/span>\n\t\t\t\t\t\t\t\t\t\t\t\t<a class=\"elementor-toggle-title\" tabindex=\"0\">Chronische Wunden<\/a>\n\t\t\t\t\t<\/div>\n\n\t\t\t\t\t<div id=\"elementor-tab-content-1042\" class=\"elementor-tab-content elementor-clearfix\" data-tab=\"2\" role=\"region\" aria-labelledby=\"elementor-tab-title-1042\"><ul><li data-mce-fragment=\"1\"><a href=\"https:\/\/www.averosa.de\/wp-content\/uploads\/2023\/02\/Rueckfax-Weiterbildung-chronische-Wunden-V-06.pdf\" data-mce-fragment=\"1\">R\u00fcckfax Weiterbildung chronische Wunden (PDF)<\/a><\/li><li data-mce-fragment=\"1\"><a href=\"https:\/\/www.averosa.de\/wp-content\/uploads\/2022\/08\/Uebersicht-der-Mitarbeiter-Teilnehmende-WB-chronische-Wunden-16884h.pdf\" data-mce-fragment=\"1\">\u00dcbersicht der Mitarbeiter &#8211; Teilnehmende &#8211; WB chronische Wunden &#8211; 168,84h (PDF)<\/a>\u200b<\/li><\/ul><\/div>\n\t\t\t\t<\/div>\n\t\t\t\t\t\t\t<div class=\"elementor-toggle-item\">\n\t\t\t\t\t<div id=\"elementor-tab-title-1043\" class=\"elementor-tab-title\" data-tab=\"3\" role=\"button\" aria-controls=\"elementor-tab-content-1043\" aria-expanded=\"false\">\n\t\t\t\t\t\t\t\t\t\t\t\t<span class=\"elementor-toggle-icon elementor-toggle-icon-left\" aria-hidden=\"true\">\n\t\t\t\t\t\t\t\t\t\t\t\t\t\t\t<span class=\"elementor-toggle-icon-closed\"><i class=\"fas fa-caret-right\"><\/i><\/span>\n\t\t\t\t\t\t\t\t<span class=\"elementor-toggle-icon-opened\"><i class=\"elementor-toggle-icon-opened fas fa-caret-up\"><\/i><\/span>\n\t\t\t\t\t\t\t\t\t\t\t\t\t<\/span>\n\t\t\t\t\t\t\t\t\t\t\t\t<a class=\"elementor-toggle-title\" tabindex=\"0\">40h Behandlungspflege f\u00fcr geeignete Kr\u00e4fte<\/a>\n\t\t\t\t\t<\/div>\n\n\t\t\t\t\t<div id=\"elementor-tab-content-1043\" class=\"elementor-tab-content elementor-clearfix\" data-tab=\"3\" role=\"region\" aria-labelledby=\"elementor-tab-title-1043\"><ul><li><a href=\"https:\/\/www.averosa.de\/wp-content\/uploads\/2023\/02\/Rueckfax-Behandlungspflege-LG12-V-04.pdf\">R\u00fcckfax Behandlungspflege LG1(2) (PDF)<\/a>\u00a0<\/li><li><a href=\"https:\/\/www.averosa.de\/wp-content\/uploads\/2022\/08\/Uebersicht-der-Mitarbeiter-Behandlungspflege-LG-12.pdf\">\u00dcbersicht der Mitarbeiter &#8211; Behandlungspflege LG 1(2) (PDF)<\/a><\/li><\/ul><\/div>\n\t\t\t\t<\/div>\n\t\t\t\t\t\t\t<div class=\"elementor-toggle-item\">\n\t\t\t\t\t<div id=\"elementor-tab-title-1044\" class=\"elementor-tab-title\" data-tab=\"4\" role=\"button\" aria-controls=\"elementor-tab-content-1044\" aria-expanded=\"false\">\n\t\t\t\t\t\t\t\t\t\t\t\t<span class=\"elementor-toggle-icon elementor-toggle-icon-left\" aria-hidden=\"true\">\n\t\t\t\t\t\t\t\t\t\t\t\t\t\t\t<span class=\"elementor-toggle-icon-closed\"><i class=\"fas fa-caret-right\"><\/i><\/span>\n\t\t\t\t\t\t\t\t<span class=\"elementor-toggle-icon-opened\"><i class=\"elementor-toggle-icon-opened fas fa-caret-up\"><\/i><\/span>\n\t\t\t\t\t\t\t\t\t\t\t\t\t<\/span>\n\t\t\t\t\t\t\t\t\t\t\t\t<a class=\"elementor-toggle-title\" tabindex=\"0\">J\u00e4hrliche Auffrischungskurse<\/a>\n\t\t\t\t\t<\/div>\n\n\t\t\t\t\t<div id=\"elementor-tab-content-1044\" class=\"elementor-tab-content elementor-clearfix\" data-tab=\"4\" role=\"region\" aria-labelledby=\"elementor-tab-title-1044\"><ol><li><a href=\"https:\/\/www.averosa.de\/wp-content\/uploads\/2026\/03\/Rueckfax-jaehrliche-Auffrischungskurse-V-11.pdf\" target=\"_blank\" rel=\"nofollow noopener\">R\u00fcckfax J\u00e4hrliche Auffrischungskurse (PDF)<\/a><\/li><li><a href=\"https:\/\/www.averosa.de\/wp-content\/uploads\/2025\/08\/Rueckfax-Uebersicht-der-Mitarbeiter-jaehrliche-fachliche-Auffrischung.pdf\" target=\"_blank\" rel=\"noopener\">\u00dcbersicht der teilnehmenden Mitarbeiter (PDF)<\/a><\/li><\/ol><\/div>\n\t\t\t\t<\/div>\n\t\t\t\t\t\t\t\t<\/div>\n\t\t\t\t\t\t<\/div>\n\t\t\t\t<\/div>\n\t\t\t\t\t<\/div>\n\t\t<\/div>\n\t\t\t\t\t<\/div>\n\t\t<\/section>\n\t\t\t\t<section class=\"elementor-section elementor-top-section elementor-element elementor-element-557d230 elementor-section-boxed elementor-section-height-default elementor-section-height-default\" data-id=\"557d230\" data-element_type=\"section\" data-e-type=\"section\" data-settings=\"{&quot;_ha_eqh_enable&quot;:false}\">\n\t\t\t\t\t\t<div class=\"elementor-container elementor-column-gap-default\">\n\t\t\t\t\t<div class=\"elementor-column elementor-col-100 elementor-top-column elementor-element elementor-element-f9f6b19\" data-id=\"f9f6b19\" data-element_type=\"column\" data-e-type=\"column\">\n\t\t\t<div class=\"elementor-widget-wrap\">\n\t\t\t\t\t\t\t<\/div>\n\t\t<\/div>\n\t\t\t\t\t<\/div>\n\t\t<\/section>\n\t\t\t\t<\/div>\n\t\t","protected":false},"excerpt":{"rendered":"<p>Arbeit mit Fachaufzeichnungen Betreuungskr\u00e4fte \u00dcbersicht der als Betreuungskr\u00e4fte t\u00e4tigen Mitarbeiter (PDF) R\u00fcckfax Betreuungskr\u00e4fte (PDF) Chronische Wunden R\u00fcckfax Weiterbildung chronische Wunden (PDF) \u00dcbersicht der Mitarbeiter &#8211; Teilnehmende &#8211; WB chronische Wunden &#8211; 168,84h (PDF)\u200b 40h Behandlungspflege f\u00fcr geeignete Kr\u00e4fte R\u00fcckfax Behandlungspflege LG1(2) (PDF)\u00a0 \u00dcbersicht der Mitarbeiter &#8211; Behandlungspflege LG 1(2) (PDF) J\u00e4hrliche Auffrischungskurse R\u00fcckfax J\u00e4hrliche Auffrischungskurse (PDF) \u00dcbersicht der teilnehmenden Mitarbeiter (PDF)<\/p>\n","protected":false},"author":1,"featured_media":0,"parent":0,"menu_order":0,"comment_status":"closed","ping_status":"closed","template":"elementor_header_footer","meta":{"footnotes":"","_links_to":"","_links_to_target":""},"class_list":["post-521","page","type-page","status-publish","hentry"],"_links":{"self":[{"href":"https:\/\/www.averosa.de\/index.php\/wp-json\/wp\/v2\/pages\/521","targetHints":{"allow":["GET"]}}],"collection":[{"href":"https:\/\/www.averosa.de\/index.php\/wp-json\/wp\/v2\/pages"}],"about":[{"href":"https:\/\/www.averosa.de\/index.php\/wp-json\/wp\/v2\/types\/page"}],"author":[{"embeddable":true,"href":"https:\/\/www.averosa.de\/index.php\/wp-json\/wp\/v2\/users\/1"}],"replies":[{"embeddable":true,"href":"https:\/\/www.averosa.de\/index.php\/wp-json\/wp\/v2\/comments?post=521"}],"version-history":[{"count":100,"href":"https:\/\/www.averosa.de\/index.php\/wp-json\/wp\/v2\/pages\/521\/revisions"}],"predecessor-version":[{"id":1094,"href":"https:\/\/www.averosa.de\/index.php\/wp-json\/wp\/v2\/pages\/521\/revisions\/1094"}],"wp:attachment":[{"href":"https:\/\/www.averosa.de\/index.php\/wp-json\/wp\/v2\/media?parent=521"}],"curies":[{"name":"wp","href":"https:\/\/api.w.org\/{rel}","templated":true}]}}